{"id":241,"date":"2021-05-01T10:33:05","date_gmt":"2021-05-01T07:33:05","guid":{"rendered":"http:\/\/antalyadent15.com\/?page_id=241"},"modified":"2021-08-21T19:00:40","modified_gmt":"2021-08-21T16:00:40","slug":"estetik-dis-hekimligi","status":"publish","type":"page","link":"https:\/\/antalyadent15.com\/en\/estetik-dis-hekimligi\/","title":{"rendered":"Aesthetic Dentistry"},"content":{"rendered":"<p><strong>Aesthetic Dentistry<\/strong><\/p>\n\n\n\n<p>Aesthetic dentistry; It is the name given to all of the applications performed in order to achieve a perfect result in tooth structure and oral aesthetics. You will be able to benefit from the following services when you apply to our dental clinic in order to have visually perfect teeth with special applications.<\/p>\n\n\n\n<p><strong>Our Aesthetic Dentistry Practices<\/strong><\/p>\n\n\n\n<p>We offer you the following services with our successful work on behalf of perfect smiles and healthier teeth.<\/p>\n\n\n\n<p><strong>Laminate Veneers<\/strong><\/p>\n\n\n\n<p>Laminate tooth or laminate veneer, which is one of the preferred applications to ensure the visual perfection of your teeth; It is also known as thin leaf porcelain placed on the tooth surface. This application, which is the first option that comes to mind when it comes to aesthetic dentistry, contributes to the fact that this application is carried out by abrasion only on a certain part of the tooth.<\/p>\n\n\n\n<p>This application, which can be performed with 2 different materials, namely porcelain and composite, takes approximately 5-7 days to complete. It can be stated that this treatment, which proceeds in the form of measurement and laboratory studies, is completed with the rehearsal and application phase.<\/p>\n\n\n\n<p><strong>Gum Shaping<\/strong><\/p>\n\n\n\n<p>Gum shaping, which is one of the aesthetic dentistry applications, is a preferred treatment in order to have healthier smiles. In this application, which can be performed in different ways such as crown lengthening, gingival bleaching and gingival shaping, the aim is always to make the gums look more aesthetic. With this treatment, which prevents loss of self-confidence, it is certain that you will have a better quality smile.<\/p>\n\n\n\n<p><strong>Dental Crowns<\/strong><\/p>\n\n\n\n<p>In order to eliminate the bad appearance of the teeth due to some effects such as broken, cracked and yellowing, dental veneers should be applied. Dental veneers, one of the most frequently used treatments in aesthetic dentistry, are one of the preferred options especially for anterior teeth.&nbsp;<\/p>\n\n\n\n<p>It is obvious that dental veneers, which should be designed in harmony with other teeth and gingiva, will cause visual defects if they are not designed correctly. For this reason, it is essential for more aesthetic smiles to have your dental veneers done by taking advantage of the knowledge of our dentists. We offer you the healthiest solutions with metal, zirconium and porcelain crowns and porcelain and composite laminate veneer applications.<\/p>\n\n\n\n<p><strong>Frequently Asked Questions About Aesthetic Dentistry<\/strong><\/p>\n\n\n\n<p><strong><em>Is laminate veneer treatment painful?<\/em><\/strong><\/p>\n\n\n\n<p>Laminate veneer application is generally known as porcelain leaves placed on front teeth. During this application, local anesthesia is applied and there is no feeling of pain.<\/p>\n\n\n\n<p><strong><em>Is there an age limit for dental veneer applications?<\/em><\/strong><\/p>\n\n\n\n<p>It is the completion of the jaw development rather than the age that is taken into account in dental aesthetic applications. For this reason, dental veneers and other aesthetic dentistry applications can be applied to individuals aged 15-16.<\/p>","protected":false},"excerpt":{"rendered":"<p>Estetik Di\u015f Hekimli\u011fi Estetik di\u015f hekimli\u011fi; di\u015f yap\u0131s\u0131 ve a\u011f\u0131z esteti\u011fi konusunda kusursuz bir sonu\u00e7 elde etmek ad\u0131na ger\u00e7ekle\u015ftirilen uygulamalar\u0131n t\u00fcm\u00fcne verilen isimdir. Birbirinden \u00f6zel uygulamalar ile g\u00f6rsel a\u00e7\u0131dan kusursuz di\u015flere sahip olmak ad\u0131na di\u015f klini\u011fimize ba\u015fvurdu\u011funuzda a\u015fa\u011f\u0131daki hizmetlerden yararlanabileceksiniz. Estetik Di\u015f Hekimli\u011fi Uygulamalar\u0131m\u0131z Kusursuz g\u00fcl\u00fc\u015fler ve daha sa\u011fl\u0131kl\u0131 di\u015fler ad\u0131na ger\u00e7ekle\u015ftirdi\u011fimiz ba\u015far\u0131l\u0131 \u00e7al\u0131\u015fmalarla size [&hellip;]<\/p>","protected":false},"author":1,"featured_media":44,"parent":0,"menu_order":0,"comment_status":"closed","ping_status":"closed","template":"page-templates\/no-sidebar.php","meta":{"footnotes":""},"_links":{"self":[{"href":"https:\/\/antalyadent15.com\/en\/wp-json\/wp\/v2\/pages\/241"}],"collection":[{"href":"https:\/\/antalyadent15.com\/en\/wp-json\/wp\/v2\/pages"}],"about":[{"href":"https:\/\/antalyadent15.com\/en\/wp-json\/wp\/v2\/types\/page"}],"author":[{"embeddable":true,"href":"https:\/\/antalyadent15.com\/en\/wp-json\/wp\/v2\/users\/1"}],"replies":[{"embeddable":true,"href":"https:\/\/antalyadent15.com\/en\/wp-json\/wp\/v2\/comments?post=241"}],"version-history":[{"count":1,"href":"https:\/\/antalyadent15.com\/en\/wp-json\/wp\/v2\/pages\/241\/revisions"}],"predecessor-version":[{"id":242,"href":"https:\/\/antalyadent15.com\/en\/wp-json\/wp\/v2\/pages\/241\/revisions\/242"}],"wp:featuredmedia":[{"embeddable":true,"href":"https:\/\/antalyadent15.com\/en\/wp-json\/wp\/v2\/media\/44"}],"wp:attachment":[{"href":"https:\/\/antalyadent15.com\/en\/wp-json\/wp\/v2\/media?parent=241"}],"curies":[{"name":"wp","href":"https:\/\/api.w.org\/{rel}","templated":true}]}}