{"id":253,"date":"2021-05-01T10:35:48","date_gmt":"2021-05-01T07:35:48","guid":{"rendered":"http:\/\/antalyadent15.com\/?page_id=253"},"modified":"2021-08-21T19:00:25","modified_gmt":"2021-08-21T16:00:25","slug":"dis-protezleri","status":"publish","type":"page","link":"https:\/\/antalyadent15.com\/en\/dis-protezleri\/","title":{"rendered":"Dental Prostheses"},"content":{"rendered":"<p><strong>Dental Prostheses<\/strong><\/p>\n\n\n\n<p>The procedures applied for the purpose of eliminating the defects in the tooth structure and completing the missing teeth are called dental prostheses. It is known that prosthetic procedures, also known as artificial tooth application, are generally preferred to provide aesthetic perfection and to reveal healthier teeth. You can also get support for dental prosthesis by applying to our clinic in order to eliminate the problems caused by the problems you experience with your teeth.<\/p>\n\n\n\n<p><strong>Dental Prosthesis Applications<\/strong><\/p>\n\n\n\n<p>For those who want to have prosthesis application by applying to our dental clinic, we produce solutions suitable for the patient with special options. In this sense, one of the following applications is applied after the preliminary examination of the patients.<\/p>\n\n\n\n<ul><li>Removable Prostheses<\/li><li>Fixed Prostheses<\/li><li>Fixed or Removable Prostheses on Implants<\/li><li>Immediate Prostheses<\/li><li>Overdenture Prostheses<\/li><li>Maxillofacial Prostheses<\/li><\/ul>\n\n\n\n<p>Immediately after our dentists carry out the necessary controls, the most appropriate prosthesis application is decided in consultation with the patient. You can find more detailed information about these subjects, which can be considered as removable and fixed dental prostheses in the basic sense.<\/p>\n\n\n\n<p><strong>Fixed Dentures<\/strong><\/p>\n\n\n\n<p>One of the most preferred applications in case of missing teeth is fixed dental prosthesis. Thanks to the advantages offered to the patients, the patients who prefer fixed prostheses that create special situations from each other are faced with the following situations;<\/p>\n\n\n\n<ul><li>It is ensured that the chewing function is fully realized,<\/li><li>Speech disorders are eliminated,<\/li><li>It creates solutions that will make the facial appearance more aesthetic.<\/li><\/ul>\n\n\n\n<p>Fixed prosthesis applications that can be preferred in order to achieve the above privileges are as follows.<\/p>\n\n\n\n<ul><li>Crown<\/li><li>Dental Bridge<\/li><li>Porcelain Crown<\/li><li>Zirconium Crown<\/li><li>High Strength Porcelain Crown<\/li><\/ul>\n\n\n\n<p><strong>Removable Dentures<\/strong><\/p>\n\n\n\n<p>They are highly valuable types of dental prostheses where dentures are likely to be inserted and removed. We can say that removable prostheses, which can be performed as much as missing teeth, can also be applied for all teeth. It is possible to benefit from the following options in the removable prostheses preferred by the patients in order to obtain ease of use.<\/p>\n\n\n\n<ul><li>Full Dentures<\/li><li>Implant Supported Full Dentures<\/li><li>Precision Attachment Prosthesis<\/li><li>Partial Denture<\/li><li>Tooth Supported Full Dentures<\/li><\/ul>\n\n\n\n<p>If you want to solve the problems you experience in your teeth with removable dentures, you should definitely consider these options.<\/p>\n\n\n\n<p><strong>Frequently Asked Questions About Dental Prostheses<\/strong><\/p>\n\n\n\n<p><strong><em>How should dentures be cleaned?<\/em><\/strong><\/p>\n\n\n\n<p>You should brush your dentures 3-4 times a day, which you should care about as much as your natural teeth, and you should eliminate the situations that will cause bacteria formation. In addition, you can use your dentures for a long time by using denture cleaning tablets specially produced for denture cleaning at certain periods.<\/p>\n\n\n\n<p><strong><em>How can I decide on a removable or fixed prosthesis?<\/em><\/strong><\/p>\n\n\n\n<p>Our dentists, who will check the condition of your teeth with a preliminary examination, will tell you which application will be more successful.<\/p>\n\n\n\n<p><strong><em>Which type of prosthesis is more comfortable?<\/em><\/strong><\/p>\n\n\n\n<p>It is not correct to decide which option will be more correct for the use of prosthesis without examination. For this reason, it will be more accurate to make a decision after the necessary controls are made.<\/p>\n\n\n\n<p><strong><em>Is the prosthesis process painful?<\/em><\/strong><\/p>\n\n\n\n<p>The pain you will experience during dental prosthesis will not be different from the pain in a classical dental application.<\/p>","protected":false},"excerpt":{"rendered":"<p>Di\u015f Protezleri Di\u015f yap\u0131s\u0131ndaki bozukluklar\u0131n giderilmesi ve eksik di\u015flerin tamamlanmas\u0131 amac\u0131 ile ba\u015fvurulan i\u015flemlere di\u015f protezleri ad\u0131 verilir. Yapay di\u015f uygulamas\u0131 olarak da an\u0131lan protez i\u015flemlerinin genellikle estetik a\u00e7\u0131dan kusursuzlu\u011fu sa\u011flamak ve daha sa\u011fl\u0131kl\u0131 di\u015fler ortaya \u00e7\u0131karmak ad\u0131na tercih edildi\u011fi bilinir. Siz de di\u015flerinizde ya\u015fad\u0131\u011f\u0131n\u0131z problemlerden kaynaklanan sorunlar\u0131 ortadan kald\u0131rmak ad\u0131na klini\u011fimize ba\u015fvurarak di\u015f protezi [&hellip;]<\/p>","protected":false},"author":1,"featured_media":39,"parent":0,"menu_order":0,"comment_status":"closed","ping_status":"closed","template":"page-templates\/no-sidebar.php","meta":{"footnotes":""},"_links":{"self":[{"href":"https:\/\/antalyadent15.com\/en\/wp-json\/wp\/v2\/pages\/253"}],"collection":[{"href":"https:\/\/antalyadent15.com\/en\/wp-json\/wp\/v2\/pages"}],"about":[{"href":"https:\/\/antalyadent15.com\/en\/wp-json\/wp\/v2\/types\/page"}],"author":[{"embeddable":true,"href":"https:\/\/antalyadent15.com\/en\/wp-json\/wp\/v2\/users\/1"}],"replies":[{"embeddable":true,"href":"https:\/\/antalyadent15.com\/en\/wp-json\/wp\/v2\/comments?post=253"}],"version-history":[{"count":1,"href":"https:\/\/antalyadent15.com\/en\/wp-json\/wp\/v2\/pages\/253\/revisions"}],"predecessor-version":[{"id":254,"href":"https:\/\/antalyadent15.com\/en\/wp-json\/wp\/v2\/pages\/253\/revisions\/254"}],"wp:featuredmedia":[{"embeddable":true,"href":"https:\/\/antalyadent15.com\/en\/wp-json\/wp\/v2\/media\/39"}],"wp:attachment":[{"href":"https:\/\/antalyadent15.com\/en\/wp-json\/wp\/v2\/media?parent=253"}],"curies":[{"name":"wp","href":"https:\/\/api.w.org\/{rel}","templated":true}]}}