{"id":558,"date":"2022-05-31T23:18:51","date_gmt":"2022-05-31T20:18:51","guid":{"rendered":"http:\/\/antalyadent15.com\/?page_id=558"},"modified":"2022-12-18T19:16:16","modified_gmt":"2022-12-18T16:16:16","slug":"kvkk-aydinlatma-metni","status":"publish","type":"page","link":"https:\/\/antalyadent15.com\/en\/kvkk-aydinlatma-metni\/","title":{"rendered":"KVKK"},"content":{"rendered":"<ul>\n<li><a href=\"http:\/\/antalyadent15.com\/en\/cerez-politikasi\/\" target=\"_blank\" rel=\"noreferrer noopener\">\u00c7erez Politikas\u0131<\/a><\/li>\n\n\n\n<li><a href=\"http:\/\/antalyadent15.com\/en\/guvenlik-kameralari-hakkinda-aydinlatma-metni\/\" data-type=\"URL\" target=\"_blank\" rel=\"noreferrer noopener\">G\u00fcvenlik Kameralar\u0131 Hakk\u0131nda Ayd\u0131nlatma Metni<\/a><\/li>\n\n\n\n<li><a href=\"http:\/\/antalyadent15.com\/en\/hasta-aydinlatma-metni\/\" target=\"_blank\" rel=\"noreferrer noopener\">Hasta Ayd\u0131nlatma Metni<\/a><\/li>\n\n\n\n<li><a rel=\"noreferrer noopener\" href=\"http:\/\/antalyadent15.com\/en\/gizlilik-politikasi\/\" target=\"_blank\">Gizlik Politikas\u0131<\/a><\/li>\n\n\n\n<li><a href=\"http:\/\/antalyadent15.com\/wp-content\/uploads\/2022\/12\/KVKK_Talep_Formu.pdf\" target=\"_blank\" rel=\"noreferrer noopener\">KVKK Talep Formu<\/a><\/li>\n<\/ul>","protected":false},"excerpt":{"rendered":"","protected":false},"author":1,"featured_media":0,"parent":0,"menu_order":0,"comment_status":"closed","ping_status":"closed","template":"page-templates\/no-sidebar.php","meta":{"footnotes":""},"_links":{"self":[{"href":"https:\/\/antalyadent15.com\/en\/wp-json\/wp\/v2\/pages\/558"}],"collection":[{"href":"https:\/\/antalyadent15.com\/en\/wp-json\/wp\/v2\/pages"}],"about":[{"href":"https:\/\/antalyadent15.com\/en\/wp-json\/wp\/v2\/types\/page"}],"author":[{"embeddable":true,"href":"https:\/\/antalyadent15.com\/en\/wp-json\/wp\/v2\/users\/1"}],"replies":[{"embeddable":true,"href":"https:\/\/antalyadent15.com\/en\/wp-json\/wp\/v2\/comments?post=558"}],"version-history":[{"count":14,"href":"https:\/\/antalyadent15.com\/en\/wp-json\/wp\/v2\/pages\/558\/revisions"}],"predecessor-version":[{"id":612,"href":"https:\/\/antalyadent15.com\/en\/wp-json\/wp\/v2\/pages\/558\/revisions\/612"}],"wp:attachment":[{"href":"https:\/\/antalyadent15.com\/en\/wp-json\/wp\/v2\/media?parent=558"}],"curies":[{"name":"wp","href":"https:\/\/api.w.org\/{rel}","templated":true}]}}