{"id":574,"date":"2022-12-18T17:13:35","date_gmt":"2022-12-18T14:13:35","guid":{"rendered":"http:\/\/antalyadent15.com\/?page_id=574"},"modified":"2023-01-03T21:27:11","modified_gmt":"2023-01-03T18:27:11","slug":"cerez-politikasi","status":"publish","type":"page","link":"https:\/\/antalyadent15.com\/en\/cerez-politikasi\/","title":{"rendered":"\u00c7erez Politikas\u0131"},"content":{"rendered":"<p>     \u00d6zel Antalya Dent15 A\u011f\u0131z ve Di\u015f Sa\u011fl\u0131\u011f\u0131 Poliklini\u011fi olarak \u00e7evrimi\u00e7i ortamlarda kendimizi geli\u015ftirmek sizlere daha iyi hizmet sunabilmek i\u00e7in \u00e7erezler kullan\u0131lmaktad\u0131r. Poliklinik olarak sizlerin g\u00fcvenli\u011finize \u00f6nem veriyor ve gizlilik ve \u00e7erez politikam\u0131z ile web sitemizi ya da mobil uygulamalar\u0131m\u0131z\u0131 ziyaretimiz esnas\u0131nda hangi t\u00fcr ve ama\u00e7la \u00e7erezlerin kullan\u0131ld\u0131\u011f\u0131n\u0131 bunlar\u0131n nas\u0131l de\u011fi\u015ftirilece\u011finiz noktas\u0131nda sizleri bilgilendirmekteyiz.<br>     \u00c7erezler \u00e7evrimi\u00e7i ortamda gezinme esnas\u0131nda cihaz\u0131n\u0131z\u0131n diskinde\/haf\u0131zas\u0131nda olu\u015fturulan dosyalard\u0131r. \u00c7erezler arac\u0131l\u0131\u011f\u0131 ile kurum sayfas\u0131nda yapm\u0131\u015f oldu\u011funuz tercihler ve kullan\u0131m tecr\u00fcbeleriniz web taray\u0131c\u0131n\u0131z taraf\u0131ndan saklanmaktad\u0131r. 6698 Say\u0131l\u0131 Ki\u015fisel Verilerin Korunmas\u0131 Kanunu \u00e7er\u00e7evesinde \u00e7erezleriniz mevzuata uygun olarak \u015fekillendirilmi\u015ftir. \u00c7erezleri ister kabul edebilir ister reddedebilir, isterseniz \u00f6nceden kabul etti\u011finiz \u00e7erezleri silebilirsiniz.<br>Web sayfam\u0131zda bulunan \u00e7erez politikam\u0131z\u0131 kabul etmek ile ki\u015fiselle\u015ftirilmi\u015f reklam, sat\u0131\u015f, pazarlama, anket ve benzer ama\u00e7l\u0131 her t\u00fcrl\u00fc elektronik ileti\u015fimin yap\u0131lmas\u0131na onay vermi\u015f, size daha iyi hizmet sunabilmek i\u00e7in verilerinizin toplanmas\u0131na, saklanmas\u0131na, i\u015flenmesine, kullan\u0131lmas\u0131na, aktar\u0131m\u0131na izin vermi\u015f bulunmaktas\u0131n\u0131z.<\/p>\n\n\n\n<p>     <strong>\u00c7erez T\u00fcrleri ve Kulland\u0131klar\u0131m\u0131z<\/strong><br>     Ana kullan\u0131m amac\u0131 kullan\u0131c\u0131lara kolayl\u0131k sa\u011flamak olan \u00e7erezler, temel olarak 6 ana grupta toplanmaktad\u0131r:<\/p>\n\n\n\n<ul>\n<li><strong>Birincil \u00c7erezler:<\/strong> Ziyaret edilen web sitesi taraf\u0131ndan yerle\u015ftirilen \u00e7erezlerdir.<\/li>\n\n\n\n<li><strong>Oturum \u00c7erezleri:<\/strong> \u0130nternet sayfalar\u0131 aras\u0131nda bilgi ta\u015f\u0131nmas\u0131 ve kullan\u0131c\u0131 taraf\u0131ndan girilen bilgilerin sistemsel olarak hat\u0131rlanmas\u0131 gibi \u00e7e\u015fitli \u00f6zelliklerden faydalanmaya olanak sa\u011flayan \u00e7erezlerdir ve internet sitesine ait fonksiyonlar\u0131n d\u00fczg\u00fcn bir \u015fekilde i\u015fleyebilmesi i\u00e7in gereklidir.<\/li>\n\n\n\n<li><strong>Performans \u00c7erezleri:<\/strong> Sayfalar\u0131n ziyaret edilme frekans\u0131, olas\u0131 hata iletileri, kullan\u0131c\u0131lar\u0131n ilgili sayfada harcad\u0131klar\u0131 toplam zaman ile siteyi kullan\u0131m \u015fekilleri konular\u0131nda bilgi toplayan \u00e7erezlerdir ve internet sitesinin performans\u0131n\u0131 artt\u0131rma amac\u0131yla kullan\u0131lmaktad\u0131r.<\/li>\n\n\n\n<li><strong>Fonksiyonel \u00c7erezler:<\/strong> Kullan\u0131c\u0131ya kolayl\u0131k sa\u011flanmas\u0131 amac\u0131yla \u00f6nceden se\u00e7ili olan se\u00e7eneklerin hat\u0131rlat\u0131lmas\u0131n\u0131 sa\u011flayan \u00e7erezlerdir ve internet sitesi kapsam\u0131nda kullan\u0131c\u0131lara geli\u015fmi\u015f internet \u00f6zellikleri sa\u011flanmas\u0131n\u0131 hedeflemektedir.<\/li>\n\n\n\n<li><strong>\u00dc\u00e7\u00fcnc\u00fc Taraf ve Reklam \u00c7erezleri:<\/strong> \u00dc\u00e7\u00fcnc\u00fc parti tedarik\u00e7ilere ait \u00e7erezlerdir ve internet sitesindeki baz\u0131 fonksiyonlar\u0131n kullan\u0131m\u0131na ve reklam takibinin yap\u0131lmas\u0131na (uygun reklam g\u00f6sterilmesine) olanak sa\u011flamaktad\u0131r.<\/li>\n\n\n\n<li><strong>Zorunlu \u00c7erezler:<\/strong> \u0130nternet sitelerini kullanabilmeniz ve bu sitelerde gezinti yapabilmeniz i\u00e7in kullan\u0131lmas\u0131 zorunlu olan \u00e7erezlerdir.<\/li>\n<\/ul>\n\n\n\n<p>     <strong>\u00c7EREZLER\u0130N KULLANIM AMA\u00c7LARI<\/strong><br>     <a href=\"https:\/\/antalyadent15.com\/en\/\">www.antalyadent15.com<\/a> taraf\u0131ndan kullan\u0131lan \u00e7erezler a\u015fa\u011f\u0131da belirtilen ama\u00e7lar do\u011frultusunda kullan\u0131lmaktad\u0131r.<\/p>\n\n\n\n<ul>\n<li>Web Sitemizin d\u00fczg\u00fcn bir \u015fekilde \u00e7al\u0131\u015fmas\u0131 i\u00e7in gerekli olan temel fonksiyonlar\u0131 ger\u00e7ekle\u015ftirmek.&nbsp;<\/li>\n\n\n\n<li>Kullan\u0131c\u0131lar\u0131n ay\u0131rt edilmesiyle, kullan\u0131c\u0131 tercihlerine uygun olarak web sitemizin kullan\u0131m\u0131n\u0131 kolayla\u015ft\u0131rmak,<\/li>\n\n\n\n<li>Web sitemizin kullan\u0131lmas\u0131 s\u0131ras\u0131nda kar\u015f\u0131la\u015f\u0131lan eksikliklerin ve olu\u015fan hatalar\u0131n tespit edilmesiyle, web sitemizin geli\u015ftirilmesi,<\/li>\n\n\n\n<li>\u0130nternet sitesinin i\u015flevselli\u011fini ve performans\u0131n\u0131 artt\u0131rmak yoluyla sizlere sunulan hizmetleri geli\u015ftirmek,<\/li>\n\n\n\n<li>Sitemizin i\u015flevselli\u011fini artt\u0131rarak ve kullan\u0131m kolayl\u0131\u011f\u0131n\u0131 sa\u011flayarak yeni \u00f6zellikler sunmak ve sunulan \u00f6zellikleri sizlerin tercihlerine g\u00f6re ki\u015fiselle\u015ftirmek,<\/li>\n\n\n\n<li>\u0130nternet Sitemizi, sizin ve kurumumuzun hukuki ve ticari g\u00fcvenli\u011finin teminini sa\u011flamak.<\/li>\n\n\n\n<li>Web sitemiz, kendine veya \u00fc\u00e7\u00fcnc\u00fc taraflara ait sistemlerin \u00fczerinden kullan\u0131c\u0131lar\u0131n ilgi alanlar\u0131 kapsam\u0131nda reklam ve benzeri i\u00e7eriklerin iletilmesi amac\u0131yla, bu reklamlar\u0131n etkinli\u011fini \u00f6l\u00e7en veya t\u0131klanma durumunu analiz eden \u00e7erezler kullanabilmek.<\/li>\n<\/ul>\n\n\n\n<p>     Ayr\u0131ca kullan\u0131lan \u00e7erezler ziyaret eden ki\u015filerin internet kullan\u0131mlar\u0131n\u0131n tespit edilmesi veya ziyaret\u00e7i profillerinin olu\u015fturulmas\u0131 ama\u00e7lar\u0131yla kullan\u0131lmamaktad\u0131r.<\/p>\n\n\n\n<p>     <strong>Ki\u015fisel Verilerin Aktar\u0131ld\u0131\u011f\u0131 Taraflar, Ama\u00e7 ve Hukuki Sebep<\/strong><br>     \u0130nternet sitemizi ziyaret etmeniz dolay\u0131s\u0131yla elde edilen ki\u015fisel verileriniz, yukar\u0131da yer alan ki\u015fisel verilerinizin i\u015flenme ama\u00e7lar\u0131 do\u011frultusunda; i\u015f ortaklar\u0131m\u0131za, tedarik\u00e7ilerimize, yaz\u0131l\u0131m ve teknik destek hizmeti ald\u0131\u011f\u0131m\u0131z ger\u00e7ek veya t\u00fczel ki\u015fi firmalara ve kanunen yetkili kamu kurumlar\u0131na \u201cveri sorumlusunun hukuki y\u00fck\u00fcml\u00fcl\u00fc\u011f\u00fcn\u00fc yerine getirebilmesi i\u00e7in zorunlu olmas\u0131 ve ilgili ki\u015finin temel hak ve \u00f6zg\u00fcrl\u00fcklerine zarar vermemek kayd\u0131yla, veri sorumlusunun me\u015fru menfaatleri i\u00e7in veri i\u015flenmesinin zorunlu olmas\u0131\u201d hukuki sebeplerine dayal\u0131 olarak aktar\u0131labilecektir.<\/p>\n\n\n\n<p>     <strong>\u00c7erezler ile \u0130\u015flenen Ki\u015fisel Verileriniz<\/strong><br>     Kimlik (isim, soy isim) ve ileti\u015fim (adres, e-posta adresi, telefon) bilgileriniz taraf\u0131m\u0131zca, \u00e7erezler (cookies) vas\u0131tas\u0131yla, otomatik veya otomatik olmayan y\u00f6ntemlerle ve bazen de analitik sa\u011flay\u0131c\u0131lar, reklam a\u011flar\u0131, arama bilgi sa\u011flay\u0131c\u0131lar\u0131, teknoloji sa\u011flay\u0131c\u0131lar\u0131 gibi \u00fc\u00e7\u00fcnc\u00fc taraflardan elde edilerek, kaydedilerek, depolanarak ve g\u00fcncellenerek, aram\u0131zdaki hizmet ve s\u00f6zle\u015fme ili\u015fkisi \u00e7er\u00e7evesinde ve s\u00fcresince, me\u015fru menfaat i\u015fleme \u015fart\u0131na dayan\u0131larak i\u015flenecektir.<\/p>\n\n\n\n<p>     <strong>Web Sitesinde Kullan\u0131lan \u00c7erezler ve S\u00fcreleri<\/strong><br>     Sitemiz ve Mobil uygulamam\u0131zda; Ziyaret etti\u011finiz web sitesi taraf\u0131ndan yerle\u015ftirilen \u00e7erezler olan birincil t\u00fcr \u00e7erezler, ziyaret etti\u011finiz web sitesi haricindeki siteler taraf\u0131ndan olu\u015fturulan web sayfas\u0131nda g\u00f6rd\u00fc\u011f\u00fcn\u00fcz reklam veya resim gibi i\u00e7eri\u011fin bir k\u0131sm\u0131na sahip olan \u00fc\u00e7\u00fcnc\u00fc taraf \u00e7erezler ile oturum \u00e7erezleri kullan\u0131lmaktad\u0131r. Ayr\u0131ca ihtiya\u00e7 duyulmas\u0131 durumunda i\u015flevsellik, performans ve hedefleme\/pazarlama \u00e7erezleri kullan\u0131labilecektir. 6698 say\u0131l\u0131 Ki\u015fisel Verilerin Korunmas\u0131 Kanunu\u2019nun 5. ve 8. maddeleri uyar\u0131nca ve\/veya ilgili mevzuattaki istisnalar\u0131n varl\u0131\u011f\u0131 halinde ki\u015fisel verileriniz mevzuat uyar\u0131nca gerekli olan hallerde r\u0131zan\u0131z do\u011frultusunda, aksi hallerde r\u0131zan\u0131z al\u0131nmaks\u0131z\u0131n yukar\u0131daki ama\u00e7lar do\u011frultusunda i\u015flenebilecektir. Ayr\u0131ca Sitede bulunan harici hizmetler (Canl\u0131 Destek eklentisi, Facebook eklentisi, YouTube videosu, Twitter i\u00e7eri\u011fi vb.) taraf\u0131ndan depolanan Cookie verileriniz ise harici hizmetlerin sorumlulu\u011fundad\u0131r.\u00a0Ki\u015fisel verilerin saklama s\u00fcrelerinde \u00e7erezler ve log kay\u0131tlar\u0131 5651 say\u0131l\u0131 \u0130nternet kanununa g\u00f6re 6 ay ile \u2013 En fazla 2 y\u0131l aras\u0131nda saklanabilmektedir. Sitemizde halihaz\u0131rda sitemize ait herhangi bir veri saklama faaliyeti bulunmamaktad\u0131r. \u00dc\u00e7\u00fcnc\u00fc taraf \u00e7erezleri kullan\u0131lmakta olup kullan\u0131m ama\u00e7lar\u0131; <a href=\"https:\/\/antalyadent15.com\/en\/\">www.antalyadent15.com<\/a> sitesinde kullan\u0131lan \u00e7erez t\u00fcrleri ve kullan\u0131m ama\u00e7lar\u0131na y\u00f6nelik<br>ayr\u0131nt\u0131l\u0131 bilgi a\u015fa\u011f\u0131dad\u0131r.<\/p>\n\n\n\n<figure class=\"wp-block-table is-style-stripes\"><table><tbody><tr><td><strong>\u00c7erezin Ad\u0131<\/strong><\/td><td><strong>Kullan\u0131m Amac\u0131<\/strong><\/td><\/tr><tr><td>Adobe Analytics<\/td><td>Siteyi ziyaret eden ki\u015fi say\u0131s\u0131, ziyaret ettikleri sayfalar\u0131n tespiti, ziyaret saatleri gibi verileri tutan \u00e7erezdir.<\/td><\/tr><tr><td>Google Analytics<\/td><td>Google taraf\u0131ndan sunulan Google Analytics, web sitesi trafi\u011fiyle ilgili olduk\u00e7a detayl\u0131 bilgiler sa\u011flar. S\u00f6z gelimi Google Analytics&#8217;i kullanan web sitesi sahipleri ve web y\u00f6neticileri, siteye gelen trafi\u011fin kaynaklar\u0131n\u0131 (organik trafik, sosyal trafik, y\u00f6nlendirme trafi\u011fi ve \u00fccretli trafik dahil) kolayca g\u00f6rebilir. Ya da, Google Analytics, web y\u00f6neticilerinin bir web sitesindeki ziyaret\u00e7i etkinli\u011fini anlamalar\u0131na yard\u0131mc\u0131 olacak \u00f6zellikler sunar; bu etkinliklerle ilgili \u00f6zel hedefler olu\u015fturulmas\u0131na yard\u0131mc\u0131 olur.<\/td><\/tr><tr><td>Google Adwords<\/td><td>Google taraf\u0131ndan sunulan Google Adwords, Google\u2019\u0131n serverlar\u0131nda \u00e7al\u0131\u015fan \u00f6zelle\u015ftirilmi\u015f bir reklam geli\u015ftirme \u00e7erezidir.<\/td><\/tr><tr><td>Facebook Connect<\/td><td>Facebook&nbsp;hesab\u0131n\u0131z \u00fczerinden sistem i\u00e7in gerekli \u00fcyelik bilgilerini alarak h\u0131zl\u0131ca siteye \u00fcye yapmak i\u00e7in kullan\u0131lan bir \u00f6zelliktir.<\/td><\/tr><\/tbody><\/table><\/figure>\n\n\n\n<p>     <strong>\u00c7erezleri Kontrol Etme ve Silme<\/strong><\/p>\n\n\n\n<p>     \u00c7erezlerin kullan\u0131m\u0131na ili\u015fkin tercihlerinizi de\u011fi\u015ftirmek ya da \u00e7erezleri engellemek veya silmek i\u00e7in taray\u0131c\u0131n\u0131z\u0131n ayarlar\u0131n\u0131 de\u011fi\u015ftirmeniz yeterlidir. Bir\u00e7ok taray\u0131c\u0131 \u00e7erezleri kontrol edebilmeniz i\u00e7in size \u00e7erezleri kabul etme veya reddetme, yaln\u0131zca belirli t\u00fcrdeki \u00e7erezleri kabul etme ya da bir web sitesi cihaz\u0131n\u0131za \u00e7erez depolamay\u0131 talep etti\u011finde taray\u0131c\u0131 taraf\u0131ndan uyar\u0131lma se\u00e7ene\u011fi sunar. Ayn\u0131 zamanda daha \u00f6nce taray\u0131c\u0131n\u0131za kaydedilmi\u015f \u00e7erezlerin silinmesi de m\u00fcmk\u00fcnd\u00fcr. \u00c7erezleri kontrol edilmesine veya silinmesine ili\u015fkin i\u015flemler kulland\u0131\u011f\u0131n\u0131z taray\u0131c\u0131ya g\u00f6re de\u011fi\u015febilmektedir. Baz\u0131 pop\u00fcler taray\u0131c\u0131lar\u0131n \u00e7erezlere izin verme ya da \u00e7erezleri engelleme veya silme talimatlar\u0131na a\u015fa\u011f\u0131da g\u00f6sterilmi\u015ftir. \u00c7erez kullan\u0131m se\u00e7iminin de\u011fi\u015ftirilmesine ait y\u00f6ntem, taray\u0131c\u0131 tipine ba\u011fl\u0131 olarak de\u011fi\u015fmekte olup, ilgili hizmet sa\u011flay\u0131c\u0131dan \u00f6\u011frenilebilmektedir.<\/p>\n\n\n\n<p>     <strong>\u00c7erezlerin Kullan\u0131m\u0131 ve Engellenmesi<\/strong><\/p>\n\n\n\n<p>     \u00c7erezlerin kullan\u0131lmas\u0131 Web Sitesi&#8217;nin daha iyi hizmet vermekle birlikte e\u011fer dilerseniz \u00e7erezlerin kullan\u0131lmas\u0131n\u0131 engelleyebilirsiniz. Ancak bu takdirde sitenin tam olarak i\u015flevini g\u00f6sterememesi ve t\u00fcm \u00f6zelliklerinden yararlanamayabilece\u011finizi unutmay\u0131n\u0131z. \u00c7erezlerin kullan\u0131lmas\u0131n\u0131 engellemek i\u00e7in kulland\u0131\u011f\u0131n\u0131z internet taray\u0131c\u0131n\u0131z\u0131n ayarlar\u0131n\u0131z\u0131 de\u011fi\u015ftirmeniz gerekmektedir. Bu de\u011fi\u015fiklikler kulland\u0131\u011f\u0131n\u0131z cihaz ve internet taray\u0131c\u0131s\u0131na g\u00f6re de\u011fi\u015fiklik g\u00f6stermektedir. A\u015fa\u011f\u0131da farkl\u0131 internet taray\u0131c\u0131lar\u0131 \u00fczerinden \u00e7erezlerin kullan\u0131lmas\u0131n\u0131 engellemek i\u00e7in hangi ad\u0131mlar\u0131n izlenmesi gerekti\u011fine ili\u015fkin bilgiler yer almaktad\u0131r:<\/p>\n\n\n\n<ul>\n<li><em><strong>Internet Explorer<\/strong><\/em>\n<ul>\n<li>Masa\u00fcst\u00fcn\u00fc a\u00e7\u0131n ve g\u00f6rev \u00e7ubu\u011funda Internet Explorer simgesine dokunun veya t\u0131klay\u0131n.<\/li>\n\n\n\n<li>Ara\u00e7lar d\u00fc\u011fmesine ve \u0130nternet se\u00e7enekleri&#8217;ne dokunun veya t\u0131klay\u0131n.<\/li>\n\n\n\n<li>Gizlilik sekmesine dokunun veya t\u0131klay\u0131n, ard\u0131ndan t\u00fcm tan\u0131mlama bilgilerini engellemek i\u00e7in Ayarlar&#8217;\u0131n alt\u0131nda bulunan kayd\u0131r\u0131c\u0131y\u0131 yukar\u0131ya hareket ettirin ve Tamam d\u00fc\u011fmesine dokunun veya t\u0131klay\u0131n.<\/li>\n<\/ul>\n<\/li>\n\n\n\n<li><em><strong>Microsoft Edge<\/strong><\/em>\n<ul>\n<li>Microsoft Edge taray\u0131c\u0131n\u0131z\u0131n sa\u011f \u00fcst k\u00f6\u015fesinden \u00fc\u00e7 nokta i\u015fareti olan b\u00f6l\u00fcme t\u0131klay\u0131n ve Ayarlar b\u00f6l\u00fcm\u00fcne gelin.<\/li>\n\n\n\n<li>Kar\u015f\u0131n\u0131za gelen yeni pencereden Temizlenecek \u00d6\u011feleri Se\u00e7 dedikten sonra kar\u015f\u0131n\u0131za gelen pencereden temizlemek istedi\u011finiz b\u00f6l\u00fcmleri se\u00e7in.<\/li>\n\n\n\n<li>Burada bir\u00e7ok b\u00f6l\u00fcm bulunmaktad\u0131r. \u0130stedi\u011finizi se\u00e7erek temizleme i\u015flemine ba\u015flayabilirsiniz<\/li>\n<\/ul>\n<\/li>\n\n\n\n<li><em><strong>Google Chrome<\/strong><\/em>\n<ul>\n<li>Bilgisayar\u0131n\u0131zda Chrome&#8217;u a\u00e7\u0131n.<\/li>\n\n\n\n<li>Sa\u011f \u00fcstte Di\u011fer Ayarlar&#8217;\u0131 t\u0131klay\u0131n.<\/li>\n\n\n\n<li>Altta Geli\u015fmi\u015f&#8217;i t\u0131klay\u0131n.<\/li>\n\n\n\n<li>&#8220;Gizlilik ve g\u00fcvenlik&#8221;in alt\u0131nda \u0130\u00e7erik ayarlar\u0131&#8217;n\u0131 t\u0131klay\u0131n.<\/li>\n\n\n\n<li>\u00c7erezler&#8217;i t\u0131klay\u0131n.<\/li>\n\n\n\n<li>&#8220;T\u00fcm \u00e7erezler ve site verileri&#8221;nin alt\u0131nda Web Sitesi&#8217;nin ad\u0131n\u0131 aray\u0131n.<\/li>\n\n\n\n<li>Sitenin sa\u011f\u0131ndaki Kald\u0131r simgesini t\u0131klay\u0131n<\/li>\n<\/ul>\n<\/li>\n\n\n\n<li><em><strong>Mozilla Firefox<\/strong><\/em>\n\n\n\n\n<ul>\n<li>Firefox Men\u00fc d\u00fc\u011fmesine t\u0131klay\u0131n ve Se\u00e7enekler&#8217;i se\u00e7in.<\/li>\n\n\n\n<li>Gizlilik ve G\u00fcvenlik panelini se\u00e7in ve Ge\u00e7mi\u015f b\u00f6l\u00fcm\u00fcne gidin.<\/li>\n\n\n\n<li>Firefox ayar\u0131n\u0131 ge\u00e7mi\u015f i\u00e7in \u00f6zel ayarlar\u0131 kullans\u0131n olarak de\u011fi\u015ftirin.<\/li>\n\n\n\n<li>\u00c7erezleri g\u00f6ster\u2026 d\u00fc\u011fmesine t\u0131klay\u0131n. \u00c7erezler penceresi g\u00f6r\u00fcnecektir.<\/li>\n\n\n\n<li>Arama: alan\u0131na, \u00e7erezlerini silmek istedi\u011finiz sitenin ad\u0131n\u0131 yaz\u0131n. Araman\u0131zla e\u015fle\u015fen \u00e7erezler g\u00f6r\u00fcnt\u00fclenecektir.<\/li>\n<\/ul>\n\n\n\n<ul>\n<li>Silmek istedi\u011finiz \u00e7erez(ler)i se\u00e7ip Se\u00e7ilenleri sil d\u00fc\u011fmesine t\u0131klay\u0131n.<\/li>\n\n\n\n<li>Kapat d\u00fc\u011fmesine t\u0131klayarak \u00c7erezler penceresini kapat\u0131n. Sonra da about:preferences sayfas\u0131n\u0131 kapat\u0131n<\/li>\n<\/ul>\n<\/li>\n\n\n\n<li><em><strong>Safari<\/strong><\/em>\n<ul>\n<li>Safari &gt; Tercihler&#8217;i se\u00e7in.<\/li>\n\n\n\n<li>Gizlilik \u00f6\u011fesini t\u0131klay\u0131n.<\/li>\n\n\n\n<li>Web Sitesi Verilerini t\u0131klay\u0131n.<\/li>\n\n\n\n<li>Bir veya daha fazla web sitesi se\u00e7in ve sonra Sil veya T\u00fcm\u00fcn\u00fc Sil&#8217;e t\u0131klay\u0131n.<\/li>\n<\/ul>\n<\/li>\n<\/ul>\n\n\n\n<p>     Ziyaret etti\u011finiz web sitelerinin geride b\u0131rakt\u0131\u011f\u0131 t\u00fcm \u00e7erezleri \u00fc\u00e7\u00fcnc\u00fc parti yaz\u0131l\u0131mlar arac\u0131l\u0131\u011f\u0131yla da silebilirsiniz.<br>     \u00c7erez politikas\u0131 ile ilgili ayr\u0131nt\u0131l\u0131 bilgi i\u00e7in ileti\u015fim sayfas\u0131ndan bize ula\u015fabilir. \u00c7erez harici ki\u015fisel verileriniz ile ili\u015fkili ayr\u0131nt\u0131l\u0131 bilgi almak i\u00e7in <a href=\"https:\/\/antalyadent15.com\/en\/\">www.antalyadent15.com<\/a> sayfas\u0131n\u0131 ziyaret edebilirsiniz.<\/p>\n\n\n\n<p class=\"has-text-align-right\">G\u00fcncelleme Tarihi: 18\/12\/2022<\/p>","protected":false},"excerpt":{"rendered":"<p>\u00d6zel Antalya Dent15 A\u011f\u0131z ve Di\u015f Sa\u011fl\u0131\u011f\u0131 Poliklini\u011fi olarak \u00e7evrimi\u00e7i ortamlarda kendimizi geli\u015ftirmek sizlere daha iyi hizmet sunabilmek i\u00e7in \u00e7erezler kullan\u0131lmaktad\u0131r. Poliklinik olarak sizlerin g\u00fcvenli\u011finize \u00f6nem veriyor ve gizlilik ve \u00e7erez politikam\u0131z ile web sitemizi ya da mobil uygulamalar\u0131m\u0131z\u0131 ziyaretimiz esnas\u0131nda hangi t\u00fcr ve ama\u00e7la \u00e7erezlerin kullan\u0131ld\u0131\u011f\u0131n\u0131 bunlar\u0131n nas\u0131l de\u011fi\u015ftirilece\u011finiz noktas\u0131nda sizleri bilgilendirmekteyiz. \u00c7erezler \u00e7evrimi\u00e7i [&hellip;]<\/p>","protected":false},"author":1,"featured_media":0,"parent":0,"menu_order":0,"comment_status":"closed","ping_status":"closed","template":"page-templates\/no-sidebar.php","meta":{"footnotes":""},"_links":{"self":[{"href":"https:\/\/antalyadent15.com\/en\/wp-json\/wp\/v2\/pages\/574"}],"collection":[{"href":"https:\/\/antalyadent15.com\/en\/wp-json\/wp\/v2\/pages"}],"about":[{"href":"https:\/\/antalyadent15.com\/en\/wp-json\/wp\/v2\/types\/page"}],"author":[{"embeddable":true,"href":"https:\/\/antalyadent15.com\/en\/wp-json\/wp\/v2\/users\/1"}],"replies":[{"embeddable":true,"href":"https:\/\/antalyadent15.com\/en\/wp-json\/wp\/v2\/comments?post=574"}],"version-history":[{"count":11,"href":"https:\/\/antalyadent15.com\/en\/wp-json\/wp\/v2\/pages\/574\/revisions"}],"predecessor-version":[{"id":642,"href":"https:\/\/antalyadent15.com\/en\/wp-json\/wp\/v2\/pages\/574\/revisions\/642"}],"wp:attachment":[{"href":"https:\/\/antalyadent15.com\/en\/wp-json\/wp\/v2\/media?parent=574"}],"curies":[{"name":"wp","href":"https:\/\/api.w.org\/{rel}","templated":true}]}}