{"id":592,"date":"2022-12-18T18:10:11","date_gmt":"2022-12-18T15:10:11","guid":{"rendered":"http:\/\/antalyadent15.com\/?page_id=592"},"modified":"2023-01-03T21:28:58","modified_gmt":"2023-01-03T18:28:58","slug":"guvenlik-kameralari-hakkinda-aydinlatma-metni","status":"publish","type":"page","link":"https:\/\/antalyadent15.com\/en\/guvenlik-kameralari-hakkinda-aydinlatma-metni\/","title":{"rendered":"G\u00fcvenlik Kameralar\u0131 Hakk\u0131nda Ayd\u0131nlatma Metni"},"content":{"rendered":"<p>     Bu ayd\u0131nlatma metni,\u00a06698\u00a0say\u0131l\u0131 Ki\u015fisel Verilerin Korunmas\u0131 Kanununun 10. maddesi uyar\u0131nca Ayd\u0131nlatma Y\u00fck\u00fcml\u00fcl\u00fc\u011f\u00fcn\u00fcn Yerine Getirilmesinde Uyulacak Usul ve Esaslar Hakk\u0131nda Tebli\u011f kapsam\u0131nda\u00a0veri sorumlusu\u00a0s\u0131fat\u0131yla \u00d6zel Antalya Dent15 A\u011f\u0131z ve Di\u015f Sa\u011fl\u0131\u011f\u0131 Poliklini\u011fi taraf\u0131ndan haz\u0131rlanm\u0131\u015ft\u0131r.<br>     Poliklini\u011fimiz i\u00e7erisindeki giri\u015f kap\u0131s\u0131, ziyaret\u00e7i\u00a0bekleme salonu ve koridor olmak \u00fczere toplam 3 adet g\u00fcvenlik kameras\u0131 vas\u0131tas\u0131yla bina g\u00fcvenli\u011finin sa\u011flanmas\u0131 amac\u0131yla g\u00f6r\u00fcnt\u00fc kayd\u0131 yap\u0131lmaktad\u0131r. G\u00f6r\u00fcnt\u00fcler poliklinik b\u00fcnyemizde bulunan kapal\u0131 devre bilgisayar\u0131m\u0131zda 15 g\u00fcn boyunca saklanmaktad\u0131r.<\/p>\n\n\n\n<p>     <strong>Ki\u015fisel Verilerin \u0130\u015flenme Amac\u0131 ve Hukuki Sebebi<\/strong><br>     S\u00f6z konusu\u00a0ki\u015fisel veriniz, a\u015fa\u011f\u0131da bertilen ama\u00e7lara uygun olarak Kanunun 5. Maddesine dayan\u0131larak belirtilen hukuki ama\u00e7lara uygun olarak i\u015flenmektedir. Ki\u015fisel veriler, Poliklinikte yer alan kapal\u0131 devre kamera sistemleri vas\u0131tas\u0131yla otomatik veya otomatik olmayan yollarla toplanmaktad\u0131r.<\/p>\n\n\n\n<figure class=\"wp-block-table is-style-stripes\"><table><tbody><tr><td><strong>Ki\u015fisel Veri<\/strong><\/td><td><strong>\u0130\u015fleme Amac\u0131<\/strong><\/td><td><strong>Hukuki Sebebi<\/strong><\/td><\/tr><tr><td>\u00c7al\u0131\u015fan, Hasta ve Yak\u0131nlar\u0131n\u0131n Kamera kayd\u0131<\/td><td>&#8211;&nbsp;&nbsp;Poliklinik ile i\u015f ili\u015fkisi i\u00e7erisinde olan ilgili ki\u015filerin hukuki, teknik ve i\u015f g\u00fcvenli\u011finin temin edilmesi<br>&#8211;&nbsp;&nbsp;Poliklini\u011fe ait ta\u015f\u0131n\u0131r mallar\u0131n g\u00fcvenli\u011finin sa\u011flanmas\u0131<br>&#8211; Poliklinik personelinin g\u00fcvenli\u011finin sa\u011flanmas\u0131<\/td><td>&#8211;&nbsp;&nbsp;Veri sorumlusunun hukuki y\u00fck\u00fcml\u00fcl\u00fc\u011f\u00fcn\u00fc yerine getirebilmesi i\u00e7in zorunlu olmas\u0131.<br>&#8211;&nbsp;&nbsp;\u0130lgili ki\u015finin temel hak ve \u00f6zg\u00fcrl\u00fcklerine zarar vermemek kayd\u0131yla, veri sorumlusunun me\u015fru menfaatleri i\u00e7in veri i\u015flenmesinin zorunlu olmas\u0131.<\/td><\/tr><\/tbody><\/table><\/figure>\n\n\n\n<p>     <strong>Ki\u015fisel Verilerin Aktar\u0131labilece\u011fi Taraflar ve Aktar\u0131m Amac\u0131<\/strong><br>     S\u00f6z konusu ki\u015fisel veriler, Kanun\u2019un 8. Maddesinde belirtilen ki\u015fisel veri i\u015fleme \u015fartlar\u0131 ve ama\u00e7lar\u0131 \u00e7er\u00e7evesinde, hukuki uyu\u015fmazl\u0131klar\u0131n giderilmesi veya ilgili mevzuat\u0131 gere\u011fi\u00a0talep\u00a0halinde\u00a0adli makamlar\u00a0veya ilgili kolluk kuvvetlerine aktar\u0131labilecektir.<br>     <strong>Ki\u015fisel Verilerin Saklanma S\u00fcresi<\/strong><br>     Poliklini\u011fimiz, ki\u015fisel verileri, yukar\u0131da belirtilen i\u015fleme ama\u00e7lar\u0131n\u0131n gerektirdi\u011fi s\u00fcre boyunca saklayacakt\u0131r. Buna ek olarak, Poliklini\u011fimiz, do\u011fabilecek herhangi bir uyu\u015fmazl\u0131k durumunda, uyu\u015fmazl\u0131k kapsam\u0131nda gerekli savunmalar\u0131n ger\u00e7ekle\u015ftirilebilmesi amac\u0131yla s\u0131n\u0131rl\u0131 olmak \u00fczere ve ilgili mevzuat uyar\u0131nca belirlenen zamana\u015f\u0131m\u0131 s\u00fcreleri boyunca ki\u015fisel verilerinizi saklayabilecektir.<\/p>\n\n\n\n<p>     <strong>Veri Sahiplerinin Haklar\u0131 ve Bu Haklar\u0131n Kullan\u0131lmas\u0131<\/strong><br>     Kanunun 11. maddesi kapsam\u0131nda veri sahibinin haklar\u0131;<\/p>\n\n\n\n<ul>\n<li>Ki\u015fisel veri i\u015flenip i\u015flenmedi\u011fini \u00f6\u011frenme,<\/li>\n\n\n\n<li>Ki\u015fisel verileri i\u015flenmi\u015fse buna ili\u015fkin bilgi talep etme,<\/li>\n\n\n\n<li>Ki\u015fisel verilerin i\u015flenme amac\u0131n\u0131 ve bunlar\u0131n amac\u0131na uygun kullan\u0131l\u0131p kullan\u0131lmad\u0131\u011f\u0131n\u0131 \u00f6\u011frenme,<\/li>\n\n\n\n<li>Yurt i\u00e7inde veya yurt d\u0131\u015f\u0131nda ki\u015fisel verilerin aktar\u0131ld\u0131\u011f\u0131 \u00fc\u00e7\u00fcnc\u00fc ki\u015fileri bilme,<\/li>\n\n\n\n<li>Ki\u015fisel verilerin eksik veya yanl\u0131\u015f i\u015flenmi\u015f olmas\u0131 h\u00e2linde bunlar\u0131n d\u00fczeltilmesini isteme ve bu kapsamda yap\u0131lan i\u015flemin ki\u015fisel verilerin aktar\u0131ld\u0131\u011f\u0131 \u00fc\u00e7\u00fcnc\u00fc ki\u015filere bildirilmesini isteme,<\/li>\n\n\n\n<li>Kanun ve ilgili di\u011fer kanun h\u00fck\u00fcmlerine uygun olarak i\u015flenmi\u015f olmas\u0131na ra\u011fmen, i\u015flenmesini gerektiren sebeplerin ortadan kalkmas\u0131 h\u00e2linde ki\u015fisel verilerin silinmesini veya yok edilmesini isteme ve bu kapsamda yap\u0131lan i\u015flemin ki\u015fisel verilerin aktar\u0131ld\u0131\u011f\u0131 \u00fc\u00e7\u00fcnc\u00fc ki\u015filere bildirilmesini isteme,&nbsp;<\/li>\n\n\n\n<li>\u0130\u015flenen verilerin m\u00fcnhas\u0131ran otomatik sistemler vas\u0131tas\u0131yla analiz edilmesi suretiyle ki\u015finin kendisi aleyhine bir sonucun ortaya \u00e7\u0131kmas\u0131na itiraz etme,<\/li>\n\n\n\n<li>Ki\u015fisel verilerin kanuna ayk\u0131r\u0131 olarak i\u015flenmesi sebebiyle zarara u\u011framas\u0131 h\u00e2linde zarar\u0131n giderilmesini talep etme&nbsp;\u015feklindedir.<\/li>\n<\/ul>\n\n\n\n<p>     \u0130lgili ki\u015fi haklar\u0131n\u0131 kullanabilmek i\u00e7in, \u201cVeri Sorumlusuna Ba\u015fvuru Usul ve Esaslar\u0131 Hakk\u0131nda Tebli\u011fe\u201d g\u00f6re <a href=\"https:\/\/antalyadent15.com\/en\/\">www.antalyadent15.com<\/a> adresimizde bulunan Veri sahibi ba\u015fvuru formunu doldurarak G\u00fcvenlik Mah. G\u00fcll\u00fck Cd. Hicret Apt. No:149\/1 Muratpa\u015fa\/Antalya adresine yaz\u0131l\u0131 olarak veya kay\u0131tl\u0131 elektronik postam\u0131za (KEP) antalyadent15@hs01.kep.tr adresine g\u00f6nderimde bulunarak iletebilir. Talepleriniz 30 g\u00fcn i\u00e7erisinde herhangi bir \u00fccret talep etmeden cevapland\u0131r\u0131lacakt\u0131r. Fakat talebiniz maddi bir y\u00fck getirmesi noktas\u0131nda Ki\u015fisel Verileri Koruma Kurulu taraf\u0131ndan belirlenen \u00fccret tarifesi \u00fczerinden \u00fccret talep etme hakk\u0131m\u0131z sakl\u0131d\u0131r.<\/p>","protected":false},"excerpt":{"rendered":"<p>Bu ayd\u0131nlatma metni,\u00a06698\u00a0say\u0131l\u0131 Ki\u015fisel Verilerin Korunmas\u0131 Kanununun 10. maddesi uyar\u0131nca Ayd\u0131nlatma Y\u00fck\u00fcml\u00fcl\u00fc\u011f\u00fcn\u00fcn Yerine Getirilmesinde Uyulacak Usul ve Esaslar Hakk\u0131nda Tebli\u011f kapsam\u0131nda\u00a0veri sorumlusu\u00a0s\u0131fat\u0131yla \u00d6zel Antalya Dent15 A\u011f\u0131z ve Di\u015f Sa\u011fl\u0131\u011f\u0131 Poliklini\u011fi taraf\u0131ndan haz\u0131rlanm\u0131\u015ft\u0131r. Poliklini\u011fimiz i\u00e7erisindeki giri\u015f kap\u0131s\u0131, ziyaret\u00e7i\u00a0bekleme salonu ve koridor olmak \u00fczere toplam 3 adet g\u00fcvenlik kameras\u0131 vas\u0131tas\u0131yla bina g\u00fcvenli\u011finin sa\u011flanmas\u0131 amac\u0131yla g\u00f6r\u00fcnt\u00fc kayd\u0131 yap\u0131lmaktad\u0131r. [&hellip;]<\/p>","protected":false},"author":1,"featured_media":0,"parent":0,"menu_order":0,"comment_status":"closed","ping_status":"closed","template":"page-templates\/no-sidebar.php","meta":{"footnotes":""},"_links":{"self":[{"href":"https:\/\/antalyadent15.com\/en\/wp-json\/wp\/v2\/pages\/592"}],"collection":[{"href":"https:\/\/antalyadent15.com\/en\/wp-json\/wp\/v2\/pages"}],"about":[{"href":"https:\/\/antalyadent15.com\/en\/wp-json\/wp\/v2\/types\/page"}],"author":[{"embeddable":true,"href":"https:\/\/antalyadent15.com\/en\/wp-json\/wp\/v2\/users\/1"}],"replies":[{"embeddable":true,"href":"https:\/\/antalyadent15.com\/en\/wp-json\/wp\/v2\/comments?post=592"}],"version-history":[{"count":5,"href":"https:\/\/antalyadent15.com\/en\/wp-json\/wp\/v2\/pages\/592\/revisions"}],"predecessor-version":[{"id":644,"href":"https:\/\/antalyadent15.com\/en\/wp-json\/wp\/v2\/pages\/592\/revisions\/644"}],"wp:attachment":[{"href":"https:\/\/antalyadent15.com\/en\/wp-json\/wp\/v2\/media?parent=592"}],"curies":[{"name":"wp","href":"https:\/\/api.w.org\/{rel}","templated":true}]}}