{"id":603,"date":"2022-12-18T19:06:02","date_gmt":"2022-12-18T16:06:02","guid":{"rendered":"http:\/\/antalyadent15.com\/?page_id=603"},"modified":"2023-01-03T21:23:13","modified_gmt":"2023-01-03T18:23:13","slug":"gizlilik-politikasi","status":"publish","type":"page","link":"https:\/\/antalyadent15.com\/en\/gizlilik-politikasi\/","title":{"rendered":"\u00c7evrimi\u00e7i Gizlilik Politikas\u0131"},"content":{"rendered":"<p class=\"has-text-align-left\">     \u00d6zel Antalya Dent15 A\u011f\u0131z ve Di\u015f Sa\u011fl\u0131\u011f\u0131 Poliklini\u011fi olarak ki\u015fisel verilerinizin<br>g\u00fcvenli\u011fi bizim i\u00e7in \u00f6nemlidir. Bu sebeple bizimle payla\u015faca\u011f\u0131n\u0131z ki\u015fisel verileriz 6698 Say\u0131l\u0131<br>KVK kanunu ve ilgili mevzuatlar gere\u011fince hassasiyetle korunmaktad\u0131r. <\/p>\n\n\n\n<p>     \u00d6zel Antalya Dent15 A\u011f\u0131z ve Di\u015f Sa\u011fl\u0131\u011f\u0131 Poliklini\u011fi, veri sorumlusu olarak, bu<br>gizlilik ve ki\u015fisel verilerin korunmas\u0131 politikas\u0131 ile, hangi ki\u015fisel verilerinizin hangi ama\u00e7la<br>i\u015flenece\u011fi, i\u015flenen verilerin kimlerle ve neden payla\u015f\u0131labilece\u011fi, veri i\u015fleme y\u00f6ntemimiz ve<br>hukuki sebeplerimiz ile; i\u015flenen verilerinize ili\u015fkin haklar\u0131n\u0131z\u0131n neler oldu\u011fu hususunda sizleri<br>ayd\u0131nlatmay\u0131 ama\u00e7l\u0131yoruz.<\/p>\n\n\n\n<p>     <strong>Toplanan Ki\u015fisel Verileriniz, Toplanma Y\u00f6ntemi ve Hukuki Sebebi<\/strong>:<\/p>\n\n\n\n<p>     IP adresiniz ve kullan\u0131c\u0131 arac\u0131s\u0131 bilgileriniz, sadece analiz yapmak amac\u0131yla ve<br>\u00e7erezler (cookies) vb. teknolojiler vas\u0131tas\u0131yla, otomatik veya otomatik olmayan y\u00f6ntemlerle<br>ve bazen de analitik sa\u011flay\u0131c\u0131lar, reklam a\u011flar\u0131, arama bilgi sa\u011flay\u0131c\u0131lar\u0131, teknoloji<br>sa\u011flay\u0131c\u0131lar\u0131 gibi \u00fc\u00e7\u00fcnc\u00fc taraflardan elde edilerek, kaydedilerek, depolanarak ve<br>g\u00fcncellenerek, aram\u0131zdaki hizmet ve s\u00f6zle\u015fme ili\u015fkisi \u00e7er\u00e7evesinde ve s\u00fcresince, me\u015fru<br>menfaat i\u015fleme \u015fart\u0131na dayan\u0131larak i\u015flenecektir.<\/p>\n\n\n\n<p>     <strong>Ki\u015fisel Verilerinizin \u0130\u015flenme Amac\u0131<\/strong>:<\/p>\n\n\n\n<p>     Bizimle payla\u015ft\u0131\u011f\u0131n\u0131z ki\u015fisel verileriniz sadece analiz yapmak suretiyle; sundu\u011fumuz<br>hizmetlerin gerekliliklerini en iyi \u015fekilde yerine getirebilmek, bu hizmetlere sizin taraf\u0131n\u0131zdan<br>ula\u015f\u0131labilmesini ve maksimum d\u00fczeyde faydalan\u0131labilmesini sa\u011flamak, hizmetlerimizi,<br>ihtiya\u00e7lar\u0131n\u0131z do\u011frultusunda geli\u015ftirebilmek ve sizleri daha geni\u015f kapsaml\u0131 hizmet<br>sa\u011flay\u0131c\u0131lar\u0131 ile yasal \u00e7er\u00e7eveler i\u00e7erisinde bulu\u015fturabilmek ve kanundan do\u011fan<br>zorunluluklar\u0131n (ki\u015fisel verilerin talep halinde adli ve idari makamlarla payla\u015f\u0131lmas\u0131) yerine<br>getirilebilmesi amac\u0131yla, s\u00f6zle\u015fme ve hizmet s\u00fcresince, amac\u0131na uygun ve \u00f6l\u00e7\u00fcl\u00fc bir \u015fekilde<br>i\u015flenecek ve g\u00fcncellenecektir.<\/p>\n\n\n\n<p>     <strong>Toplanan Ki\u015fisel Verilerin Kimlere ve Hangi Ama\u00e7larla Aktar\u0131labilece\u011fi<\/strong>:<\/p>\n\n\n\n<p>     Bizimle payla\u015ft\u0131\u011f\u0131n\u0131z ki\u015fisel verileriniz; faaliyetlerimizi y\u00fcr\u00fctmek \u00fczere hizmet<br>ald\u0131\u011f\u0131m\u0131z ve\/veya verdi\u011fimiz, s\u00f6zle\u015fmesel ili\u015fki i\u00e7erisinde bulundu\u011fumuz, i\u015f birli\u011fi<br>yapt\u0131\u011f\u0131m\u0131z, yurt i\u00e7i ve yurt d\u0131\u015f\u0131ndaki 3. \u015fah\u0131slar ile kurum ve kurulu\u015flara ve talep halinde adli<br>ve idari makamlara, gerekli teknik ve idari \u00f6nlemler al\u0131nmas\u0131 ko\u015fulu ile aktar\u0131labilecektir.<br>\u00d6zel Antalya Dent15 A\u011f\u0131z ve Di\u015f Sa\u011fl\u0131\u011f\u0131 Poliklini\u011fi taraf\u0131ndan \u00e7e\u015fitli avantajlar\u0131n<br>sa\u011flan\u0131p sunulabilmesi ve size \u00f6zel reklam, sat\u0131\u015f, pazarlama, anket ve benzer ama\u00e7l\u0131 her t\u00fcrl\u00fc<br>elektronik ileti\u015fim yap\u0131lmas\u0131 ve di\u011fer ileti\u015fim mesajlar\u0131n\u0131n g\u00f6nderilmesi amac\u0131yla;<br>toplanmas\u0131na, saklanmas\u0131na, i\u015flenmesine, kullan\u0131lmas\u0131na, aktar\u0131m\u0131na izin vermi\u015f<br>bulunmaktas\u0131n\u0131z.<\/p>\n\n\n\n<p>     <strong>Ki\u015fisel Verileri \u0130\u015flenen Ki\u015fi Olarak Haklar\u0131n\u0131z<\/strong>:<\/p>\n\n\n\n<p>     KVK Kanunun 11. Maddesi uyar\u0131nca herkes, veri sorumlusuna ba\u015fvurarak a\u015fa\u011f\u0131daki haklar\u0131n\u0131<br>kullanabilir:<br>     \uf0b7 Ki\u015fisel veri i\u015flenip i\u015flenmedi\u011fini \u00f6\u011frenme,<br>     \uf0b7 Ki\u015fisel verileri i\u015flenmi\u015fse buna ili\u015fkin bilgi talep etme,<br>     \uf0b7 Ki\u015fisel verilerin i\u015flenme amac\u0131n\u0131 ve bunlar\u0131n amac\u0131na uygun kullan\u0131l\u0131p<br>kullan\u0131lmad\u0131\u011f\u0131n\u0131 \u00f6\u011frenme,<br>     \uf0b7 Yurt i\u00e7inde veya yurt d\u0131\u015f\u0131nda ki\u015fisel verilerin aktar\u0131ld\u0131\u011f\u0131 \u00fc\u00e7\u00fcnc\u00fc ki\u015fileri bilme,<br>     \uf0b7 Ki\u015fisel verilerin eksik veya yanl\u0131\u015f i\u015flenmi\u015f olmas\u0131 h\u00e2linde bunlar\u0131n d\u00fczeltilmesini<br>isteme,<br>     \uf0b7 Ki\u015fisel verilerin silinmesini veya yok edilmesini isteme,<br>     \uf0b7 (e) ve (f) bentleri uyar\u0131nca yap\u0131lan i\u015flemlerin, ki\u015fisel verilerin aktar\u0131ld\u0131\u011f\u0131 \u00fc\u00e7\u00fcnc\u00fc<br>ki\u015filere bildirilmesini isteme,<br>     \uf0b7 \u0130\u015flenen verilerin m\u00fcnhas\u0131ran otomatik sistemler vas\u0131tas\u0131yla analiz edilmesi suretiyle<br>ki\u015finin kendisi aleyhine bir sonucun ortaya \u00e7\u0131kmas\u0131na itiraz etme,<br>     \uf0b7 Ki\u015fisel verilerin kanuna ayk\u0131r\u0131 olarak i\u015flenmesi sebebiyle zarara u\u011framas\u0131 h\u00e2linde<br>zarar\u0131n giderilmesini talep etme, haklar\u0131na sahiptir.<\/p>\n\n\n\n<p>     Yukar\u0131da say\u0131lan haklar\u0131n\u0131z\u0131 kullanmak \u00fczere kay\u0131tl\u0131 elektronik posta adresimiz (KEP)<br>olan <strong>antalyadent15@hs01.kep.tr<\/strong> \u00fczerinden bizimle ileti\u015fime ge\u00e7ebilirsiniz.<\/p>\n\n\n\n<p>     <strong>Contact Us<\/strong>:<\/p>\n\n\n\n<p>     Sizlere hizmet sunabilmek ama\u00e7l\u0131 analizler yapabilmek i\u00e7in, sadece gerekli olan ki\u015fisel<br>verilerinizin, i\u015fbu gizlilik ve ki\u015fisel verilerin i\u015flenmesi politikas\u0131 uyar\u0131nca i\u015flenmesini, kabul<br>edip etmemek hususunda tamamen \u00f6zg\u00fcrs\u00fcn\u00fcz. Sitemizi veya mobil uygulamam\u0131z\u0131<br>kullanmaya devam etti\u011finiz takdirde kabul etmi\u015f oldu\u011funuz taraf\u0131m\u0131zca varsay\u0131lacak olup,<br>daha ayr\u0131nt\u0131l\u0131 bilgi i\u00e7in bizimle\u00a0<strong>antalyadent15@gmail.com<\/strong> e-posta adresi \u00fczerinden ileti\u015fime<br>ge\u00e7mekten l\u00fctfen \u00e7ekinmeyiniz.<\/p>\n\n\n\n<p>Son g\u00fcncellenme: 03 \/ 01 \/2023<\/p>","protected":false},"excerpt":{"rendered":"<p>\u00d6zel Antalya Dent15 A\u011f\u0131z ve Di\u015f Sa\u011fl\u0131\u011f\u0131 Poliklini\u011fi olarak ki\u015fisel verilerinizing\u00fcvenli\u011fi bizim i\u00e7in \u00f6nemlidir. Bu sebeple bizimle payla\u015faca\u011f\u0131n\u0131z ki\u015fisel verileriz 6698 Say\u0131l\u0131KVK kanunu ve ilgili mevzuatlar gere\u011fince hassasiyetle korunmaktad\u0131r. \u00d6zel Antalya Dent15 A\u011f\u0131z ve Di\u015f Sa\u011fl\u0131\u011f\u0131 Poliklini\u011fi, veri sorumlusu olarak, bugizlilik ve ki\u015fisel verilerin korunmas\u0131 politikas\u0131 ile, hangi ki\u015fisel verilerinizin hangi ama\u00e7lai\u015flenece\u011fi, i\u015flenen verilerin kimlerle [&hellip;]<\/p>","protected":false},"author":1,"featured_media":0,"parent":0,"menu_order":0,"comment_status":"closed","ping_status":"closed","template":"page-templates\/no-sidebar.php","meta":{"footnotes":""},"_links":{"self":[{"href":"https:\/\/antalyadent15.com\/en\/wp-json\/wp\/v2\/pages\/603"}],"collection":[{"href":"https:\/\/antalyadent15.com\/en\/wp-json\/wp\/v2\/pages"}],"about":[{"href":"https:\/\/antalyadent15.com\/en\/wp-json\/wp\/v2\/types\/page"}],"author":[{"embeddable":true,"href":"https:\/\/antalyadent15.com\/en\/wp-json\/wp\/v2\/users\/1"}],"replies":[{"embeddable":true,"href":"https:\/\/antalyadent15.com\/en\/wp-json\/wp\/v2\/comments?post=603"}],"version-history":[{"count":3,"href":"https:\/\/antalyadent15.com\/en\/wp-json\/wp\/v2\/pages\/603\/revisions"}],"predecessor-version":[{"id":640,"href":"https:\/\/antalyadent15.com\/en\/wp-json\/wp\/v2\/pages\/603\/revisions\/640"}],"wp:attachment":[{"href":"https:\/\/antalyadent15.com\/en\/wp-json\/wp\/v2\/media?parent=603"}],"curies":[{"name":"wp","href":"https:\/\/api.w.org\/{rel}","templated":true}]}}